{"id":17,"date":"2013-10-04T10:09:22","date_gmt":"2013-10-04T08:09:22","guid":{"rendered":"https:\/\/tecnografpulcini.it\/cms\/?page_id=17"},"modified":"2019-04-11T07:07:52","modified_gmt":"2019-04-11T05:07:52","slug":"impilatori-serie-m2x__trashed","status":"publish","type":"page","link":"https:\/\/tecnografpulcini.it\/cms\/prodotti\/impilatori-serie-m2x__trashed\/","title":{"rendered":"IMPILATORI SERIE M2X"},"content":{"rendered":"<p>[et_pb_section bb_built=&#8221;1&#8243;][et_pb_row][et_pb_column type=&#8221;4_4&#8243;][et_pb_text]<\/p>\n<p style=\"text-align: justify;\">Gli impilatori della serie MODULO 2X (abbreviato M2X) sono piccoli, versatili e di facile utilizzo.<\/p>\n<p style=\"text-align: justify;\">Principalmente adatti a scaricare raccoglitrici di varie marche (Muler-Martini, Kolbus, Annovazzi, Compagnoni, Horizon, Smyth, ecc.) e cellofanatrici, possono essere impiegati anche come scarico di linee di cartonato, brossurato, punto metallico, cucitrici, perforatrici, olandese e di trilaterali ove non \u00e8 richiesta la giravolta, o per linee d&#8217;emergenza.<\/p>\n<p style=\"text-align: justify;\">Il prodotto \u00e8 impilato col classico sistema a caduta dall&#8217;alto verso il basso.<\/p>\n<p style=\"text-align: justify;\">Particolarit\u00e0 dell&#8217;MX2 \u00e8 il magazzino di preimpilatura, dove \u00e8 possibile impilare due o pi\u00f9 prodotti, prima di farli cadere nel magazzino principale mediante l&#8217;apertura automatica programmata di due palette. Ci\u00f2 permette un aumento notevole della velocit\u00e0 di produzione. Quando il numero programmato di prodotti da impilare \u00e8 stato raggiunto nel magazzino principale, la pila viene espulsa automaticamente mediante un gancio motorizzato e quindi scaricata o trasportata alla fase successiva di lavorazione.<\/p>\n<p>[\/et_pb_text][\/et_pb_column][\/et_pb_row][\/et_pb_section]<\/p>\n","protected":false},"excerpt":{"rendered":"<p><div class=\"et_pb_row et_pb_row_0 et_pb_row_empty\">\n\t\t\t\t\n\t\t\t\t\n\t\t\t\t\n\t\t\t\t\n\t\t\t\t\n\t\t\t<\/div><div class=\"et_pb_module et_pb_text et_pb_text_0  et_pb_text_align_left et_pb_bg_layout_light\">\n\t\t\t\t\n\t\t\t\t\n\t\t\t\t\n\t\t\t\t\n\t\t\t\t\n\t\t\t<\/div> Gli impilatori della serie MODULO 2X (abbreviato M2X) sono piccoli, versatili e di facile utilizzo. Principalmente adatti a scaricare raccoglitrici di varie marche (Muler-Martini, Kolbus, Annovazzi, Compagnoni, Horizon, Smyth, ecc.) e cellofanatrici, possono essere impiegati anche come scarico di linee di cartonato, brossurato, punto metallico, cucitrici, perforatrici, olandese e di trilaterali ove non \u00e8 [&hellip;]<\/p>\n","protected":false},"author":2,"featured_media":0,"parent":7,"menu_order":2,"comment_status":"open","ping_status":"closed","template":"","meta":{"_et_pb_use_builder":"on","_et_pb_old_content":"<p style=\"text-align: justify;\">Gli impilatori della serie MODULO 2X (abbreviato M2X) sono piccoli, versatili e di facile utilizzo.<\/p><p style=\"text-align: justify;\">Principalmente adatti a scaricare raccoglitrici di varie marche (Muler-Martini, Kolbus, Annovazzi, Compagnoni, Horizon, Smyth, ecc.) e cellofanatrici, possono essere impiegati anche come scarico di linee di cartonato, brossurato, punto metallico, cucitrici, perforatrici, olandese e di trilaterali ove non \u00e8 richiesta la giravolta, o per linee d'emergenza.<\/p><p style=\"text-align: justify;\">Il prodotto \u00e8 impilato col classico sistema a caduta dall'alto verso il basso.<\/p><p style=\"text-align: justify;\">Particolarit\u00e0 dell'MX2 \u00e8 il magazzino di preimpilatura, dove \u00e8 possibile impilare due o pi\u00f9 prodotti, prima di farli cadere nel magazzino principale mediante l'apertura automatica programmata di due palette. Ci\u00f2 permette un aumento notevole della velocit\u00e0 di produzione. Quando il numero programmato di prodotti da impilare \u00e8 stato raggiunto nel magazzino principale, la pila viene espulsa automaticamente mediante un gancio motorizzato e quindi scaricata o trasportata alla fase successiva di lavorazione.<\/p>","_et_gb_content_width":"","footnotes":""},"class_list":["post-17","page","type-page","status-publish","hentry"],"yoast_head":"<!-- This site is optimized with the Yoast SEO plugin v27.5 - https:\/\/yoast.com\/product\/yoast-seo-wordpress\/ -->\n<title>IMPILATORI SERIE M2X - Tecnograf Pulcini<\/title>\n<meta name=\"robots\" content=\"index, follow, max-snippet:-1, max-image-preview:large, max-video-preview:-1\" \/>\n<link rel=\"canonical\" href=\"https:\/\/tecnografpulcini.it\/cms\/prodotti\/impilatori-serie-m2x__trashed\/\" \/>\n<meta property=\"og:locale\" content=\"it_IT\" \/>\n<meta property=\"og:type\" content=\"article\" \/>\n<meta property=\"og:title\" content=\"IMPILATORI SERIE M2X - Tecnograf Pulcini\" \/>\n<meta property=\"og:description\" content=\"Gli impilatori della serie MODULO 2X (abbreviato M2X) sono piccoli, versatili e di facile utilizzo. Principalmente adatti a scaricare raccoglitrici di varie marche (Muler-Martini, Kolbus, Annovazzi, Compagnoni, Horizon, Smyth, ecc.) e cellofanatrici, possono essere impiegati anche come scarico di linee di cartonato, brossurato, punto metallico, cucitrici, perforatrici, olandese e di trilaterali ove non \u00e8 [&hellip;]\" \/>\n<meta property=\"og:url\" content=\"https:\/\/tecnografpulcini.it\/cms\/prodotti\/impilatori-serie-m2x__trashed\/\" \/>\n<meta property=\"og:site_name\" content=\"Tecnograf Pulcini\" \/>\n<meta property=\"article:modified_time\" content=\"2019-04-11T05:07:52+00:00\" \/>\n<meta name=\"twitter:card\" content=\"summary_large_image\" \/>\n<meta name=\"twitter:label1\" content=\"Tempo di lettura stimato\" \/>\n\t<meta name=\"twitter:data1\" content=\"1 minuto\" \/>\n<script type=\"application\/ld+json\" class=\"yoast-schema-graph\">{\"@context\":\"https:\\\/\\\/schema.org\",\"@graph\":[{\"@type\":\"WebPage\",\"@id\":\"https:\\\/\\\/tecnografpulcini.it\\\/cms\\\/prodotti\\\/impilatori-serie-m2x__trashed\\\/\",\"url\":\"https:\\\/\\\/tecnografpulcini.it\\\/cms\\\/prodotti\\\/impilatori-serie-m2x__trashed\\\/\",\"name\":\"IMPILATORI SERIE M2X - Tecnograf Pulcini\",\"isPartOf\":{\"@id\":\"https:\\\/\\\/tecnografpulcini.it\\\/cms\\\/#website\"},\"datePublished\":\"2013-10-04T08:09:22+00:00\",\"dateModified\":\"2019-04-11T05:07:52+00:00\",\"breadcrumb\":{\"@id\":\"https:\\\/\\\/tecnografpulcini.it\\\/cms\\\/prodotti\\\/impilatori-serie-m2x__trashed\\\/#breadcrumb\"},\"inLanguage\":\"it-IT\",\"potentialAction\":[{\"@type\":\"ReadAction\",\"target\":[\"https:\\\/\\\/tecnografpulcini.it\\\/cms\\\/prodotti\\\/impilatori-serie-m2x__trashed\\\/\"]}]},{\"@type\":\"BreadcrumbList\",\"@id\":\"https:\\\/\\\/tecnografpulcini.it\\\/cms\\\/prodotti\\\/impilatori-serie-m2x__trashed\\\/#breadcrumb\",\"itemListElement\":[{\"@type\":\"ListItem\",\"position\":1,\"name\":\"Home\",\"item\":\"https:\\\/\\\/tecnografpulcini.it\\\/cms\\\/\"},{\"@type\":\"ListItem\",\"position\":2,\"name\":\"Prodotti\",\"item\":\"https:\\\/\\\/tecnografpulcini.it\\\/cms\\\/prodotti\\\/\"},{\"@type\":\"ListItem\",\"position\":3,\"name\":\"IMPILATORI SERIE M2X\"}]},{\"@type\":\"WebSite\",\"@id\":\"https:\\\/\\\/tecnografpulcini.it\\\/cms\\\/#website\",\"url\":\"https:\\\/\\\/tecnografpulcini.it\\\/cms\\\/\",\"name\":\"Tecnograf Pulcini\",\"description\":\"di Vittorio Pulcini snc\",\"publisher\":{\"@id\":\"https:\\\/\\\/tecnografpulcini.it\\\/cms\\\/#organization\"},\"potentialAction\":[{\"@type\":\"SearchAction\",\"target\":{\"@type\":\"EntryPoint\",\"urlTemplate\":\"https:\\\/\\\/tecnografpulcini.it\\\/cms\\\/?s={search_term_string}\"},\"query-input\":{\"@type\":\"PropertyValueSpecification\",\"valueRequired\":true,\"valueName\":\"search_term_string\"}}],\"inLanguage\":\"it-IT\"},{\"@type\":\"Organization\",\"@id\":\"https:\\\/\\\/tecnografpulcini.it\\\/cms\\\/#organization\",\"name\":\"Tecnograf Pulcini\",\"url\":\"https:\\\/\\\/tecnografpulcini.it\\\/cms\\\/\",\"logo\":{\"@type\":\"ImageObject\",\"inLanguage\":\"it-IT\",\"@id\":\"https:\\\/\\\/tecnografpulcini.it\\\/cms\\\/#\\\/schema\\\/logo\\\/image\\\/\",\"url\":\"https:\\\/\\\/tecnografpulcini.it\\\/cms\\\/wp-content\\\/uploads\\\/2019\\\/05\\\/logo-quadro.png\",\"contentUrl\":\"https:\\\/\\\/tecnografpulcini.it\\\/cms\\\/wp-content\\\/uploads\\\/2019\\\/05\\\/logo-quadro.png\",\"width\":559,\"height\":576,\"caption\":\"Tecnograf Pulcini\"},\"image\":{\"@id\":\"https:\\\/\\\/tecnografpulcini.it\\\/cms\\\/#\\\/schema\\\/logo\\\/image\\\/\"}}]}<\/script>\n<!-- \/ Yoast SEO plugin. -->","yoast_head_json":{"title":"IMPILATORI SERIE M2X - Tecnograf Pulcini","robots":{"index":"index","follow":"follow","max-snippet":"max-snippet:-1","max-image-preview":"max-image-preview:large","max-video-preview":"max-video-preview:-1"},"canonical":"https:\/\/tecnografpulcini.it\/cms\/prodotti\/impilatori-serie-m2x__trashed\/","og_locale":"it_IT","og_type":"article","og_title":"IMPILATORI SERIE M2X - Tecnograf Pulcini","og_description":"Gli impilatori della serie MODULO 2X (abbreviato M2X) sono piccoli, versatili e di facile utilizzo. Principalmente adatti a scaricare raccoglitrici di varie marche (Muler-Martini, Kolbus, Annovazzi, Compagnoni, Horizon, Smyth, ecc.) e cellofanatrici, possono essere impiegati anche come scarico di linee di cartonato, brossurato, punto metallico, cucitrici, perforatrici, olandese e di trilaterali ove non \u00e8 [&hellip;]","og_url":"https:\/\/tecnografpulcini.it\/cms\/prodotti\/impilatori-serie-m2x__trashed\/","og_site_name":"Tecnograf Pulcini","article_modified_time":"2019-04-11T05:07:52+00:00","twitter_card":"summary_large_image","twitter_misc":{"Tempo di lettura stimato":"1 minuto"},"schema":{"@context":"https:\/\/schema.org","@graph":[{"@type":"WebPage","@id":"https:\/\/tecnografpulcini.it\/cms\/prodotti\/impilatori-serie-m2x__trashed\/","url":"https:\/\/tecnografpulcini.it\/cms\/prodotti\/impilatori-serie-m2x__trashed\/","name":"IMPILATORI SERIE M2X - Tecnograf Pulcini","isPartOf":{"@id":"https:\/\/tecnografpulcini.it\/cms\/#website"},"datePublished":"2013-10-04T08:09:22+00:00","dateModified":"2019-04-11T05:07:52+00:00","breadcrumb":{"@id":"https:\/\/tecnografpulcini.it\/cms\/prodotti\/impilatori-serie-m2x__trashed\/#breadcrumb"},"inLanguage":"it-IT","potentialAction":[{"@type":"ReadAction","target":["https:\/\/tecnografpulcini.it\/cms\/prodotti\/impilatori-serie-m2x__trashed\/"]}]},{"@type":"BreadcrumbList","@id":"https:\/\/tecnografpulcini.it\/cms\/prodotti\/impilatori-serie-m2x__trashed\/#breadcrumb","itemListElement":[{"@type":"ListItem","position":1,"name":"Home","item":"https:\/\/tecnografpulcini.it\/cms\/"},{"@type":"ListItem","position":2,"name":"Prodotti","item":"https:\/\/tecnografpulcini.it\/cms\/prodotti\/"},{"@type":"ListItem","position":3,"name":"IMPILATORI SERIE M2X"}]},{"@type":"WebSite","@id":"https:\/\/tecnografpulcini.it\/cms\/#website","url":"https:\/\/tecnografpulcini.it\/cms\/","name":"Tecnograf Pulcini","description":"di Vittorio Pulcini snc","publisher":{"@id":"https:\/\/tecnografpulcini.it\/cms\/#organization"},"potentialAction":[{"@type":"SearchAction","target":{"@type":"EntryPoint","urlTemplate":"https:\/\/tecnografpulcini.it\/cms\/?s={search_term_string}"},"query-input":{"@type":"PropertyValueSpecification","valueRequired":true,"valueName":"search_term_string"}}],"inLanguage":"it-IT"},{"@type":"Organization","@id":"https:\/\/tecnografpulcini.it\/cms\/#organization","name":"Tecnograf Pulcini","url":"https:\/\/tecnografpulcini.it\/cms\/","logo":{"@type":"ImageObject","inLanguage":"it-IT","@id":"https:\/\/tecnografpulcini.it\/cms\/#\/schema\/logo\/image\/","url":"https:\/\/tecnografpulcini.it\/cms\/wp-content\/uploads\/2019\/05\/logo-quadro.png","contentUrl":"https:\/\/tecnografpulcini.it\/cms\/wp-content\/uploads\/2019\/05\/logo-quadro.png","width":559,"height":576,"caption":"Tecnograf Pulcini"},"image":{"@id":"https:\/\/tecnografpulcini.it\/cms\/#\/schema\/logo\/image\/"}}]}},"_links":{"self":[{"href":"https:\/\/tecnografpulcini.it\/cms\/wp-json\/wp\/v2\/pages\/17","targetHints":{"allow":["GET"]}}],"collection":[{"href":"https:\/\/tecnografpulcini.it\/cms\/wp-json\/wp\/v2\/pages"}],"about":[{"href":"https:\/\/tecnografpulcini.it\/cms\/wp-json\/wp\/v2\/types\/page"}],"author":[{"embeddable":true,"href":"https:\/\/tecnografpulcini.it\/cms\/wp-json\/wp\/v2\/users\/2"}],"replies":[{"embeddable":true,"href":"https:\/\/tecnografpulcini.it\/cms\/wp-json\/wp\/v2\/comments?post=17"}],"version-history":[{"count":0,"href":"https:\/\/tecnografpulcini.it\/cms\/wp-json\/wp\/v2\/pages\/17\/revisions"}],"up":[{"embeddable":true,"href":"https:\/\/tecnografpulcini.it\/cms\/wp-json\/wp\/v2\/pages\/7"}],"wp:attachment":[{"href":"https:\/\/tecnografpulcini.it\/cms\/wp-json\/wp\/v2\/media?parent=17"}],"curies":[{"name":"wp","href":"https:\/\/api.w.org\/{rel}","templated":true}]}}