{"id":921,"date":"2019-04-26T16:57:33","date_gmt":"2019-04-26T14:57:33","guid":{"rendered":"https:\/\/tecnografpulcini.it\/cms\/?page_id=921"},"modified":"2019-04-26T17:09:55","modified_gmt":"2019-04-26T15:09:55","slug":"impilatori-serie-m2x","status":"publish","type":"page","link":"https:\/\/tecnografpulcini.it\/cms\/prodotti\/impilatori-serie-m2x\/","title":{"rendered":"Impilatori serie M2X"},"content":{"rendered":"<p>[et_pb_section bb_built=&#8221;1&#8243; inner_width_tablet=&#8221;50px&#8221; inner_max_width_tablet=&#8221;50px&#8221; _builder_version=&#8221;3.22.4&#8243; z_index_tablet=&#8221;500&#8243;][et_pb_row _builder_version=&#8221;3.22.4&#8243; module_alignment=&#8221;left&#8221; z_index_tablet=&#8221;500&#8243; make_equal=&#8221;on&#8221; custom_margin=&#8221;|||20px&#8221; custom_padding=&#8221;|||20px&#8221;][et_pb_column type=&#8221;4_4&#8243;][et_pb_text _builder_version=&#8221;3.22.4&#8243; text_text_shadow_horizontal_length=&#8221;text_text_shadow_style,%91object Object%93&#8243; text_text_shadow_vertical_length=&#8221;text_text_shadow_style,%91object Object%93&#8243; text_text_shadow_blur_strength=&#8221;text_text_shadow_style,%91object Object%93&#8243; link_text_shadow_horizontal_length=&#8221;link_text_shadow_style,%91object Object%93&#8243; link_text_shadow_vertical_length=&#8221;link_text_shadow_style,%91object Object%93&#8243; link_text_shadow_blur_strength=&#8221;link_text_shadow_style,%91object Object%93&#8243; ul_text_shadow_horizontal_length=&#8221;ul_text_shadow_style,%91object Object%93&#8243; ul_text_shadow_vertical_length=&#8221;ul_text_shadow_style,%91object Object%93&#8243; ul_text_shadow_blur_strength=&#8221;ul_text_shadow_style,%91object Object%93&#8243; ol_text_shadow_horizontal_length=&#8221;ol_text_shadow_style,%91object Object%93&#8243; ol_text_shadow_vertical_length=&#8221;ol_text_shadow_style,%91object Object%93&#8243; ol_text_shadow_blur_strength=&#8221;ol_text_shadow_style,%91object Object%93&#8243; quote_text_shadow_horizontal_length=&#8221;quote_text_shadow_style,%91object Object%93&#8243; quote_text_shadow_vertical_length=&#8221;quote_text_shadow_style,%91object Object%93&#8243; quote_text_shadow_blur_strength=&#8221;quote_text_shadow_style,%91object Object%93&#8243; header_text_shadow_horizontal_length=&#8221;header_text_shadow_style,%91object Object%93&#8243; header_text_shadow_vertical_length=&#8221;header_text_shadow_style,%91object Object%93&#8243; header_text_shadow_blur_strength=&#8221;header_text_shadow_style,%91object Object%93&#8243; header_2_text_shadow_horizontal_length=&#8221;header_2_text_shadow_style,%91object Object%93&#8243; header_2_text_shadow_vertical_length=&#8221;header_2_text_shadow_style,%91object Object%93&#8243; header_2_text_shadow_blur_strength=&#8221;header_2_text_shadow_style,%91object Object%93&#8243; header_3_text_shadow_horizontal_length=&#8221;header_3_text_shadow_style,%91object Object%93&#8243; header_3_text_shadow_vertical_length=&#8221;header_3_text_shadow_style,%91object Object%93&#8243; header_3_text_shadow_blur_strength=&#8221;header_3_text_shadow_style,%91object Object%93&#8243; header_4_text_shadow_horizontal_length=&#8221;header_4_text_shadow_style,%91object Object%93&#8243; header_4_text_shadow_vertical_length=&#8221;header_4_text_shadow_style,%91object Object%93&#8243; header_4_text_shadow_blur_strength=&#8221;header_4_text_shadow_style,%91object Object%93&#8243; header_5_text_shadow_horizontal_length=&#8221;header_5_text_shadow_style,%91object Object%93&#8243; header_5_text_shadow_vertical_length=&#8221;header_5_text_shadow_style,%91object Object%93&#8243; header_5_text_shadow_blur_strength=&#8221;header_5_text_shadow_style,%91object Object%93&#8243; header_6_text_shadow_horizontal_length=&#8221;header_6_text_shadow_style,%91object Object%93&#8243; header_6_text_shadow_vertical_length=&#8221;header_6_text_shadow_style,%91object Object%93&#8243; header_6_text_shadow_blur_strength=&#8221;header_6_text_shadow_style,%91object Object%93&#8243; z_index_tablet=&#8221;500&#8243;]<\/p>\n<h1 style=\"text-align: left;\">\u00a0 \u00a0 IMPILATORI SERIE M2X<\/h1>\n<div class=\"et_pb_module et_pb_text et_pb_text_0 et_pb_bg_layout_light et_pb_text_align_left\">\n<div class=\"et_pb_text_inner\">\n<div id=\"main-content\">\n<article id=\"post-17\" class=\"post-17 page type-page status-publish hentry\">\n<div class=\"entry-content\">\n<div id=\"et-boc\" class=\"et-boc\">\n<div class=\"et_builder_inner_content et_pb_gutters3\">\n<div class=\"et_pb_section et_pb_section_0 et_section_regular\">\n<div class=\"et_pb_row et_pb_row_0\">\n<div class=\"et_pb_column et_pb_column_4_4 et_pb_column_0 et_pb_css_mix_blend_mode_passthrough et-last-child\">\n<div class=\"et_pb_module et_pb_text et_pb_text_0 et_pb_bg_layout_light et_pb_text_align_left\">\n<div class=\"et_pb_text_inner\">\n<p style=\"text-align: left;\">Gli impilatori della serie MODULO 2X (abbreviato M2X) sono piccoli, versatili e di facile utilizzo.<\/p>\n<p style=\"text-align: left;\">Principalmente adatti a scaricare raccoglitrici di varie marche (Muler-Martini, Kolbus, Annovazzi, Compagnoni, Horizon, Smyth, ecc.) e cellofanatrici, possono essere impiegati anche come scarico di linee di cartonato, brossurato, punto metallico, cucitrici, perforatrici, olandese e di trilaterali ove non \u00e8 richiesta la giravolta, o per linee d\u2019emergenza.<\/p>\n<p style=\"text-align: left;\">Il prodotto \u00e8 impilato col classico sistema a caduta dall\u2019alto verso il basso.<\/p>\n<p style=\"text-align: left;\">Particolarit\u00e0 dell\u2019MX2 \u00e8 il magazzino di preimpilatura, dove \u00e8 possibile impilare due o pi\u00f9 prodotti, prima di farli cadere nel magazzino principale mediante l\u2019apertura automatica programmata di due palette. Ci\u00f2 permette un aumento notevole della velocit\u00e0 di produzione. Quando il numero programmato di prodotti da impilare \u00e8 stato raggiunto nel magazzino principale, la pila viene espulsa automaticamente mediante un gancio motorizzato e quindi scaricata o trasportata alla fase successiva di lavorazione.<\/p>\n<\/div>\n<\/div>\n<\/div>\n<\/div>\n<\/div>\n<\/div>\n<\/div>\n<\/div>\n<\/article>\n<\/div>\n<\/div>\n<\/div>\n<p>[\/et_pb_text][et_pb_shop _builder_version=&#8221;3.22.4&#8243; type=&#8221;product_category&#8221; include_categories=&#8221;51&#8243; columns_number=&#8221;0&#8243; show_pagination=&#8221;on&#8221; text_shadow_horizontal_length=&#8221;text_shadow_style,%91object Object%93&#8243; text_shadow_vertical_length=&#8221;text_shadow_style,%91object Object%93&#8243; text_shadow_blur_strength=&#8221;text_shadow_style,%91object Object%93&#8243; title_text_shadow_horizontal_length=&#8221;title_text_shadow_style,%91object Object%93&#8243; title_text_shadow_vertical_length=&#8221;title_text_shadow_style,%91object Object%93&#8243; title_text_shadow_blur_strength=&#8221;title_text_shadow_style,%91object Object%93&#8243; price_text_shadow_horizontal_length=&#8221;price_text_shadow_style,%91object Object%93&#8243; price_text_shadow_vertical_length=&#8221;price_text_shadow_style,%91object Object%93&#8243; price_text_shadow_blur_strength=&#8221;price_text_shadow_style,%91object Object%93&#8243; z_index_tablet=&#8221;500&#8243; \/][\/et_pb_column][\/et_pb_row][\/et_pb_section]<\/p>\n","protected":false},"excerpt":{"rendered":"<p>\u00a0 \u00a0 IMPILATORI SERIE M2XGli impilatori della serie MODULO 2X (abbreviato M2X) sono piccoli, versatili e di facile utilizzo.Principalmente adatti a scaricare raccoglitrici di varie marche (Muler-Martini, Kolbus, Annovazzi, Compagnoni, Horizon, Smyth, ecc.) e cellofanatrici, possono essere impiegati anche come scarico di linee di cartonato, brossurato, punto metallico, cucitrici, perforatrici, olandese e di trilaterali ove [&hellip;]<\/p>\n","protected":false},"author":2,"featured_media":0,"parent":7,"menu_order":1,"comment_status":"open","ping_status":"closed","template":"","meta":{"_et_pb_use_builder":"on","_et_pb_old_content":"","_et_gb_content_width":"","footnotes":""},"class_list":["post-921","page","type-page","status-publish","hentry"],"yoast_head":"<!-- This site is optimized with the Yoast SEO plugin v27.5 - https:\/\/yoast.com\/product\/yoast-seo-wordpress\/ -->\n<title>Impilatori serie M2X - Tecnograf Pulcini<\/title>\n<meta name=\"robots\" content=\"index, follow, max-snippet:-1, max-image-preview:large, max-video-preview:-1\" \/>\n<link rel=\"canonical\" href=\"https:\/\/tecnografpulcini.it\/cms\/prodotti\/impilatori-serie-m2x\/\" \/>\n<meta property=\"og:locale\" content=\"it_IT\" \/>\n<meta property=\"og:type\" content=\"article\" \/>\n<meta property=\"og:title\" content=\"Impilatori serie M2X - Tecnograf Pulcini\" \/>\n<meta property=\"og:description\" content=\"\u00a0 \u00a0 IMPILATORI SERIE M2XGli impilatori della serie MODULO 2X (abbreviato M2X) sono piccoli, versatili e di facile utilizzo.Principalmente adatti a scaricare raccoglitrici di varie marche (Muler-Martini, Kolbus, Annovazzi, Compagnoni, Horizon, Smyth, ecc.) e cellofanatrici, possono essere impiegati anche come scarico di linee di cartonato, brossurato, punto metallico, cucitrici, perforatrici, olandese e di trilaterali ove [&hellip;]\" \/>\n<meta property=\"og:url\" content=\"https:\/\/tecnografpulcini.it\/cms\/prodotti\/impilatori-serie-m2x\/\" \/>\n<meta property=\"og:site_name\" content=\"Tecnograf Pulcini\" \/>\n<meta property=\"article:modified_time\" content=\"2019-04-26T15:09:55+00:00\" \/>\n<meta name=\"twitter:card\" content=\"summary_large_image\" \/>\n<meta name=\"twitter:label1\" content=\"Tempo di lettura stimato\" \/>\n\t<meta name=\"twitter:data1\" content=\"3 minuti\" \/>\n<script type=\"application\/ld+json\" class=\"yoast-schema-graph\">{\"@context\":\"https:\\\/\\\/schema.org\",\"@graph\":[{\"@type\":\"WebPage\",\"@id\":\"https:\\\/\\\/tecnografpulcini.it\\\/cms\\\/prodotti\\\/impilatori-serie-m2x\\\/\",\"url\":\"https:\\\/\\\/tecnografpulcini.it\\\/cms\\\/prodotti\\\/impilatori-serie-m2x\\\/\",\"name\":\"Impilatori serie M2X - Tecnograf Pulcini\",\"isPartOf\":{\"@id\":\"https:\\\/\\\/tecnografpulcini.it\\\/cms\\\/#website\"},\"datePublished\":\"2019-04-26T14:57:33+00:00\",\"dateModified\":\"2019-04-26T15:09:55+00:00\",\"breadcrumb\":{\"@id\":\"https:\\\/\\\/tecnografpulcini.it\\\/cms\\\/prodotti\\\/impilatori-serie-m2x\\\/#breadcrumb\"},\"inLanguage\":\"it-IT\",\"potentialAction\":[{\"@type\":\"ReadAction\",\"target\":[\"https:\\\/\\\/tecnografpulcini.it\\\/cms\\\/prodotti\\\/impilatori-serie-m2x\\\/\"]}]},{\"@type\":\"BreadcrumbList\",\"@id\":\"https:\\\/\\\/tecnografpulcini.it\\\/cms\\\/prodotti\\\/impilatori-serie-m2x\\\/#breadcrumb\",\"itemListElement\":[{\"@type\":\"ListItem\",\"position\":1,\"name\":\"Home\",\"item\":\"https:\\\/\\\/tecnografpulcini.it\\\/cms\\\/\"},{\"@type\":\"ListItem\",\"position\":2,\"name\":\"Prodotti\",\"item\":\"https:\\\/\\\/tecnografpulcini.it\\\/cms\\\/prodotti\\\/\"},{\"@type\":\"ListItem\",\"position\":3,\"name\":\"Impilatori serie M2X\"}]},{\"@type\":\"WebSite\",\"@id\":\"https:\\\/\\\/tecnografpulcini.it\\\/cms\\\/#website\",\"url\":\"https:\\\/\\\/tecnografpulcini.it\\\/cms\\\/\",\"name\":\"Tecnograf Pulcini\",\"description\":\"di Vittorio Pulcini snc\",\"publisher\":{\"@id\":\"https:\\\/\\\/tecnografpulcini.it\\\/cms\\\/#organization\"},\"potentialAction\":[{\"@type\":\"SearchAction\",\"target\":{\"@type\":\"EntryPoint\",\"urlTemplate\":\"https:\\\/\\\/tecnografpulcini.it\\\/cms\\\/?s={search_term_string}\"},\"query-input\":{\"@type\":\"PropertyValueSpecification\",\"valueRequired\":true,\"valueName\":\"search_term_string\"}}],\"inLanguage\":\"it-IT\"},{\"@type\":\"Organization\",\"@id\":\"https:\\\/\\\/tecnografpulcini.it\\\/cms\\\/#organization\",\"name\":\"Tecnograf Pulcini\",\"url\":\"https:\\\/\\\/tecnografpulcini.it\\\/cms\\\/\",\"logo\":{\"@type\":\"ImageObject\",\"inLanguage\":\"it-IT\",\"@id\":\"https:\\\/\\\/tecnografpulcini.it\\\/cms\\\/#\\\/schema\\\/logo\\\/image\\\/\",\"url\":\"https:\\\/\\\/tecnografpulcini.it\\\/cms\\\/wp-content\\\/uploads\\\/2019\\\/05\\\/logo-quadro.png\",\"contentUrl\":\"https:\\\/\\\/tecnografpulcini.it\\\/cms\\\/wp-content\\\/uploads\\\/2019\\\/05\\\/logo-quadro.png\",\"width\":559,\"height\":576,\"caption\":\"Tecnograf Pulcini\"},\"image\":{\"@id\":\"https:\\\/\\\/tecnografpulcini.it\\\/cms\\\/#\\\/schema\\\/logo\\\/image\\\/\"}}]}<\/script>\n<!-- \/ Yoast SEO plugin. -->","yoast_head_json":{"title":"Impilatori serie M2X - Tecnograf Pulcini","robots":{"index":"index","follow":"follow","max-snippet":"max-snippet:-1","max-image-preview":"max-image-preview:large","max-video-preview":"max-video-preview:-1"},"canonical":"https:\/\/tecnografpulcini.it\/cms\/prodotti\/impilatori-serie-m2x\/","og_locale":"it_IT","og_type":"article","og_title":"Impilatori serie M2X - Tecnograf Pulcini","og_description":"\u00a0 \u00a0 IMPILATORI SERIE M2XGli impilatori della serie MODULO 2X (abbreviato M2X) sono piccoli, versatili e di facile utilizzo.Principalmente adatti a scaricare raccoglitrici di varie marche (Muler-Martini, Kolbus, Annovazzi, Compagnoni, Horizon, Smyth, ecc.) e cellofanatrici, possono essere impiegati anche come scarico di linee di cartonato, brossurato, punto metallico, cucitrici, perforatrici, olandese e di trilaterali ove [&hellip;]","og_url":"https:\/\/tecnografpulcini.it\/cms\/prodotti\/impilatori-serie-m2x\/","og_site_name":"Tecnograf Pulcini","article_modified_time":"2019-04-26T15:09:55+00:00","twitter_card":"summary_large_image","twitter_misc":{"Tempo di lettura stimato":"3 minuti"},"schema":{"@context":"https:\/\/schema.org","@graph":[{"@type":"WebPage","@id":"https:\/\/tecnografpulcini.it\/cms\/prodotti\/impilatori-serie-m2x\/","url":"https:\/\/tecnografpulcini.it\/cms\/prodotti\/impilatori-serie-m2x\/","name":"Impilatori serie M2X - Tecnograf Pulcini","isPartOf":{"@id":"https:\/\/tecnografpulcini.it\/cms\/#website"},"datePublished":"2019-04-26T14:57:33+00:00","dateModified":"2019-04-26T15:09:55+00:00","breadcrumb":{"@id":"https:\/\/tecnografpulcini.it\/cms\/prodotti\/impilatori-serie-m2x\/#breadcrumb"},"inLanguage":"it-IT","potentialAction":[{"@type":"ReadAction","target":["https:\/\/tecnografpulcini.it\/cms\/prodotti\/impilatori-serie-m2x\/"]}]},{"@type":"BreadcrumbList","@id":"https:\/\/tecnografpulcini.it\/cms\/prodotti\/impilatori-serie-m2x\/#breadcrumb","itemListElement":[{"@type":"ListItem","position":1,"name":"Home","item":"https:\/\/tecnografpulcini.it\/cms\/"},{"@type":"ListItem","position":2,"name":"Prodotti","item":"https:\/\/tecnografpulcini.it\/cms\/prodotti\/"},{"@type":"ListItem","position":3,"name":"Impilatori serie M2X"}]},{"@type":"WebSite","@id":"https:\/\/tecnografpulcini.it\/cms\/#website","url":"https:\/\/tecnografpulcini.it\/cms\/","name":"Tecnograf Pulcini","description":"di Vittorio Pulcini snc","publisher":{"@id":"https:\/\/tecnografpulcini.it\/cms\/#organization"},"potentialAction":[{"@type":"SearchAction","target":{"@type":"EntryPoint","urlTemplate":"https:\/\/tecnografpulcini.it\/cms\/?s={search_term_string}"},"query-input":{"@type":"PropertyValueSpecification","valueRequired":true,"valueName":"search_term_string"}}],"inLanguage":"it-IT"},{"@type":"Organization","@id":"https:\/\/tecnografpulcini.it\/cms\/#organization","name":"Tecnograf Pulcini","url":"https:\/\/tecnografpulcini.it\/cms\/","logo":{"@type":"ImageObject","inLanguage":"it-IT","@id":"https:\/\/tecnografpulcini.it\/cms\/#\/schema\/logo\/image\/","url":"https:\/\/tecnografpulcini.it\/cms\/wp-content\/uploads\/2019\/05\/logo-quadro.png","contentUrl":"https:\/\/tecnografpulcini.it\/cms\/wp-content\/uploads\/2019\/05\/logo-quadro.png","width":559,"height":576,"caption":"Tecnograf Pulcini"},"image":{"@id":"https:\/\/tecnografpulcini.it\/cms\/#\/schema\/logo\/image\/"}}]}},"_links":{"self":[{"href":"https:\/\/tecnografpulcini.it\/cms\/wp-json\/wp\/v2\/pages\/921","targetHints":{"allow":["GET"]}}],"collection":[{"href":"https:\/\/tecnografpulcini.it\/cms\/wp-json\/wp\/v2\/pages"}],"about":[{"href":"https:\/\/tecnografpulcini.it\/cms\/wp-json\/wp\/v2\/types\/page"}],"author":[{"embeddable":true,"href":"https:\/\/tecnografpulcini.it\/cms\/wp-json\/wp\/v2\/users\/2"}],"replies":[{"embeddable":true,"href":"https:\/\/tecnografpulcini.it\/cms\/wp-json\/wp\/v2\/comments?post=921"}],"version-history":[{"count":0,"href":"https:\/\/tecnografpulcini.it\/cms\/wp-json\/wp\/v2\/pages\/921\/revisions"}],"up":[{"embeddable":true,"href":"https:\/\/tecnografpulcini.it\/cms\/wp-json\/wp\/v2\/pages\/7"}],"wp:attachment":[{"href":"https:\/\/tecnografpulcini.it\/cms\/wp-json\/wp\/v2\/media?parent=921"}],"curies":[{"name":"wp","href":"https:\/\/api.w.org\/{rel}","templated":true}]}}